{"id":2,"date":"2024-01-17T19:41:49","date_gmt":"2024-01-17T11:41:49","guid":{"rendered":"http:\/\/ceramicwashers.com\/?page_id=2"},"modified":"2024-01-17T19:41:49","modified_gmt":"2024-01-17T11:41:49","slug":"numun%c9%99-s%c9%99hif%c9%99","status":"publish","type":"page","link":"http:\/\/ceramicwashers.com\/az\/sample-page\/","title":{"rendered":"N\u00fcmun\u0259 s\u0259hif\u0259"},"content":{"rendered":"<p>Bu n\u00fcmun\u0259 s\u0259hif\u0259dir. S\u0259hif\u0259l\u0259r bloq yaz\u0131lar\u0131ndan f\u0259rqli olaraq sabit yerd\u0259 yerl\u0259\u015fir v\u0259 ad\u0259t\u0259n sayt\u0131n naviqasiya panelind\u0259 g\u00f6st\u0259rilir. Bir \u00e7ox istifad\u0259\u00e7i ziyar\u0259t\u00e7il\u0259r\u0259 \u00f6z\u00fcn\u00fc t\u0259qdim etm\u0259k \u00fc\u00e7\u00fcn \u201cHaqq\u0131mda\u201d s\u0259hif\u0259si yarad\u0131r. M\u0259s\u0259l\u0259n:<\/p>\n\n\n\n<blockquote class=\"wp-block-quote is-layout-flow wp-block-quote-is-layout-flow\"><p>Salam, h\u0259r k\u0259s\u0259! G\u00fcnd\u00fcz po\u00e7t da\u015f\u0131y\u0131c\u0131s\u0131yam, gec\u0259 is\u0259 ambisiyal\u0131 aktyoram. Bu m\u0259nim vebsayt\u0131md\u0131r. M\u0259n Pekind\u0259 ya\u015fay\u0131ram, \"Xiaohei\" adlanan, insan t\u0259bi\u0259tin\u0259 malik bir itim var. M\u0259n s\u0259n\u0259ti v\u0259 s\u0259yah\u0259ti sevir\u0259m.<\/p><\/blockquote>\n\n\n\n<p>\u2026\u2026v\u0259 ya bu:<\/p>\n\n\n\n<blockquote class=\"wp-block-quote is-layout-flow wp-block-quote-is-layout-flow\"><p>XYZ Doohickey \u015firk\u0259ti 1971-ci ild\u0259 t\u0259sis edilib. T\u0259sis olundu\u011fu andan b\u0259ri biz c\u0259miyy\u0259t\u0259 m\u00fck\u0259mm\u0259l doohickies t\u0259qdim edirik. \u015eirk\u0259timizin q\u0259rargah\u0131 B\u00f6y\u00fck Xalq Respublikas\u0131n\u0131n sehrli paytaxt\u0131nda yerl\u0259\u015fir, iki mind\u0259n \u00e7ox i\u015f\u00e7isi var v\u0259 paytaxt h\u00f6kum\u0259tinin vergi g\u0259lirl\u0259rin\u0259 b\u00f6y\u00fck t\u00f6hf\u0259 verir.<\/p><\/blockquote>\n\n\n\n<p>Siz is\u0259 WordPress-d\u0259 yeni istifad\u0259\u00e7i kimi, ke\u00e7id etm\u0259yinizi t\u00f6vsiy\u0259 edirik<a href=\"http:\/\/ceramicwashers.com\/wp-admin\/\">Sayt\u0131n\u0131z\u0131n paneli<\/a>,bu s\u0259hif\u0259ni silin, sonra \u00f6z m\u0259zmununuzu \u0259hat\u0259 ed\u0259n yeni s\u0259hif\u0259 yarad\u0131n. Xo\u015f istifad\u0259 arzulay\u0131r\u0131q!<\/p>","protected":false},"excerpt":{"rendered":"<p>Bu n\u00fcmun\u0259 s\u0259hif\u0259sidir. S\u0259hif\u0259l\u0259r bloq yaz\u0131lar\u0131ndan f\u0259rqli olaraq sabit yerd\u0259 yerl\u0259\u015fir v\u0259 ad\u0259t\u0259n sayt\u0131n naviqasiya panelind\u0259 g\u00f6st\u0259rilir. Bir \u00e7ox istifad\u0259\u00e7i ziyar\u0259t\u00e7il\u0259r\u0259 \u00f6z\u00fcn\u00fc t\u0259qdim etm\u0259k \u00fc\u00e7\u00fcn \u201cHaqq\u0131mda\u201d s\u0259hif\u0259si yarad\u0131r. M\u0259s\u0259l\u0259n:  Salam, h\u0259r k\u0259s\u0259! G\u00fcnd\u00fcz po\u00e7talyanam, gec\u0259 is\u0259 ambisiyal\u0131 aktyoram. Bu m\u0259nim sayt\u0131md\u0131r. M\u0259n Pekind\u0259 ya\u015fay\u0131ram, \"Ki\u00e7ik Qara\" adlanan, insan kimi davranan bir itim var. M\u0259n s\u0259n\u0259t\u0259 v\u0259 s\u0259yah\u0259t\u0259 h\u0259v\u0259sliy\u0259m.  \u2026v\u0259 ya bu: XYZ Doohickey \u015firk\u0259ti 1971-ci ild\u0259 t\u0259sis edilib v\u0259 o vaxtdan b\u0259ri c\u0259miyy\u0259t\u0259 m\u00fck\u0259mm\u0259l doohickies t\u0259qdim edir. \u015eirk\u0259timizin q\u0259rargah\u0131 B\u00f6y\u00fck \u0130mperiyan\u0131n paytaxt\u0131 Pekind\u0259 yerl\u0259\u015fir, iki mind\u0259n \u00e7ox i\u015f\u00e7isi var v\u0259 Pekin h\u00f6kum\u0259tinin vergi g\u0259lirl\u0259rin\u0259 b\u00f6y\u00fck t\u00f6hf\u0259 verir. Siz is\u0259, WordPress-in yeni istifad\u0259\u00e7isi olaraq, sayt\u0131n\u0131z\u0131n idar\u0259etm\u0259 panelin\u0259 ke\u00e7ib bu s\u0259hif\u0259ni silm\u0259yi v\u0259 \u00f6z m\u0259zmununuzla yeni bir s\u0259hif\u0259 yaratma\u011f\u0131 m\u0259sl\u0259h\u0259t g\u00f6r\u00fcr\u00fck. Xo\u015f istifad\u0259 arzular\u0131m\u0131zla!<\/p>","protected":false},"author":1,"featured_media":0,"parent":0,"menu_order":0,"comment_status":"closed","ping_status":"open","template":"","meta":{"_seopress_robots_primary_cat":"","_seopress_titles_title":"","_seopress_titles_desc":"","_seopress_robots_index":"","neve_meta_sidebar":"","neve_meta_container":"","neve_meta_enable_content_width":"","neve_meta_content_width":0,"neve_meta_title_alignment":"","neve_meta_author_avatar":"","neve_post_elements_order":"","neve_meta_disable_header":"","neve_meta_disable_footer":"","neve_meta_disable_title":"","footnotes":""},"class_list":["post-2","page","type-page","status-publish","hentry"],"_links":{"self":[{"href":"http:\/\/ceramicwashers.com\/az\/wp-json\/wp\/v2\/pages\/2","targetHints":{"allow":["GET"]}}],"collection":[{"href":"http:\/\/ceramicwashers.com\/az\/wp-json\/wp\/v2\/pages"}],"about":[{"href":"http:\/\/ceramicwashers.com\/az\/wp-json\/wp\/v2\/types\/page"}],"author":[{"embeddable":true,"href":"http:\/\/ceramicwashers.com\/az\/wp-json\/wp\/v2\/users\/1"}],"replies":[{"embeddable":true,"href":"http:\/\/ceramicwashers.com\/az\/wp-json\/wp\/v2\/comments?post=2"}],"version-history":[{"count":0,"href":"http:\/\/ceramicwashers.com\/az\/wp-json\/wp\/v2\/pages\/2\/revisions"}],"wp:attachment":[{"href":"http:\/\/ceramicwashers.com\/az\/wp-json\/wp\/v2\/media?parent=2"}],"curies":[{"name":"wp","href":"https:\/\/api.w.org\/{rel}","templated":true}]}}