{"id":2,"date":"2024-01-17T19:41:49","date_gmt":"2024-01-17T11:41:49","guid":{"rendered":"http:\/\/ceramicwashers.com\/?page_id=2"},"modified":"2024-01-17T19:41:49","modified_gmt":"2024-01-17T11:41:49","slug":"ekzempla-pago","status":"publish","type":"page","link":"http:\/\/ceramicwashers.com\/eo\/sample-page\/","title":{"rendered":"Ekzemplopa\u011do"},"content":{"rendered":"<p>Jen demonstra pa\u011do. Pa\u011doj diferencas de bloga\u0135oj: ili estas fiksaj kaj kutime aperas en la navigada menuo de la retejo. Multaj uzantoj kreas pa\u011don \u201cPri mi\u201d por prezenti sin al vizitantoj. Ekzemple:<\/p>\n\n\n\n<blockquote class=\"wp-block-quote is-layout-flow wp-block-quote-is-layout-flow\"><p>Saluton al \u0109iuj! Mi estas po\u015dtisto dumtage kaj vespere aspiranta aktoro. Jen mia retejo. Mi lo\u011das en Pekino, mi havas hibridan hundon nomatan Xiaohei, kiu estas kvaza\u016d homo. Mi \u015datas arton kaj voja\u011dadon.<\/p><\/blockquote>\n\n\n\n<p>\u2026\u2026a\u016d \u0109i tiu:<\/p>\n\n\n\n<blockquote class=\"wp-block-quote is-layout-flow wp-block-quote-is-layout-flow\"><p>XYZ Doohickey kompanio estis fondita en 1971. Ekde tiam ni konstante liveras al la socio elstarajn doohickieojn. Nia \u0109efsidejo situas en la \u0109ina maga metropolo, kun pli ol du mil dungitoj, kaj ni faras grandegan kontribuon al la impostaj enspezoj de la metropola registaro.<\/p><\/blockquote>\n\n\n\n<p>Kaj vi, kiel nova uzanto de WordPress, ni sugestas, ke vi iru al<a href=\"http:\/\/ceramicwashers.com\/wp-admin\/\">La instrumentpanelo de via retejo<\/a>,forigu \u0109i tiun pa\u011don, kaj poste kreu novan pa\u011don kun via propra enhavo. Bonan uzadon!<\/p>","protected":false},"excerpt":{"rendered":"<p>Jen demonstra pa\u011do. Pa\u011doj, male al bloga\u0135oj, havas fiksan lokon kaj kutime aperas en la reteja navigmenuo. Multaj uzantoj kreas pa\u011don \u201cPri mi\u201d por prezenti sin al vizitantoj. Ekzemple: Saluton al \u0109iuj! Mi estas po\u015dtisto dumtage kaj aspiranta aktoro nokte. Jen mia retejo. Mi lo\u011das en Pekino, mi havas hibridan hundon nomatan Blacky, kaj mi \u015datas arton kaj voja\u011dadon. \u2026\u2026a\u016d jen: Kompanio XYZ Doohickey estis fondita en 1971, kaj ekde tiam ni liveras al la socio elstarajn doohickies. Nia \u0109efsidejo situas en la \u0109ina maga metropolo, ni havas pli ol du mil dungitojn, kaj ni signife kontribuas al la impostaj enspezoj de la metropola registaro. Kaj vi, kiel nova uzanto de WordPress, ni sugestas, ke vi iru al la panelo de via retejo, forigu \u0109i tiun pa\u011don, kaj poste kreu novan pa\u011don kun viaj propraj enhavoj. Bonan uzadon!<\/p>","protected":false},"author":1,"featured_media":0,"parent":0,"menu_order":0,"comment_status":"closed","ping_status":"open","template":"","meta":{"_seopress_robots_primary_cat":"","_seopress_titles_title":"","_seopress_titles_desc":"","_seopress_robots_index":"","neve_meta_sidebar":"","neve_meta_container":"","neve_meta_enable_content_width":"","neve_meta_content_width":0,"neve_meta_title_alignment":"","neve_meta_author_avatar":"","neve_post_elements_order":"","neve_meta_disable_header":"","neve_meta_disable_footer":"","neve_meta_disable_title":"","footnotes":""},"class_list":["post-2","page","type-page","status-publish","hentry"],"_links":{"self":[{"href":"http:\/\/ceramicwashers.com\/eo\/wp-json\/wp\/v2\/pages\/2","targetHints":{"allow":["GET"]}}],"collection":[{"href":"http:\/\/ceramicwashers.com\/eo\/wp-json\/wp\/v2\/pages"}],"about":[{"href":"http:\/\/ceramicwashers.com\/eo\/wp-json\/wp\/v2\/types\/page"}],"author":[{"embeddable":true,"href":"http:\/\/ceramicwashers.com\/eo\/wp-json\/wp\/v2\/users\/1"}],"replies":[{"embeddable":true,"href":"http:\/\/ceramicwashers.com\/eo\/wp-json\/wp\/v2\/comments?post=2"}],"version-history":[{"count":0,"href":"http:\/\/ceramicwashers.com\/eo\/wp-json\/wp\/v2\/pages\/2\/revisions"}],"wp:attachment":[{"href":"http:\/\/ceramicwashers.com\/eo\/wp-json\/wp\/v2\/media?parent=2"}],"curies":[{"name":"dupunkto","href":"https:\/\/api.w.org\/{rel}","templated":true}]}}